{"id":25,"date":"2022-11-14T12:22:47","date_gmt":"2022-11-14T12:22:47","guid":{"rendered":"https:\/\/rezeda.hera.wpspace.me\/?page_id=25"},"modified":"2022-11-14T18:28:38","modified_gmt":"2022-11-14T18:28:38","slug":"meine-praxis-ihr-ruhepol","status":"publish","type":"page","link":"https:\/\/rezeda.hera.wpspace.me\/index.php\/meine-praxis-ihr-ruhepol\/","title":{"rendered":"Meine Praxis &#8211; Ihr Ruhepol"},"content":{"rendered":"\n<p>Die medizinische Heilhypnose und das l\u00f6sungsorientierte Arbeiten mit NLP hat mir und vielen Menschen schon sehr geholfen besser mit Krisen, die fast jeden Menschen treffen k\u00f6nnen, mit psychosomatischen Problemen, mit \u00c4ngsten und mit unliebsamen Verhaltensmustern umzugehen, zu reduzieren oder zu l\u00f6sen, schlafende oder verborgene Ressourcen zu finden und zu aktivieren oder einfach in einer Tiefenentspannung Kraft und Energie zu tanken.<\/p>\n\n\n\n<p>Ich m\u00f6chte Sie begleitend auf dem Weg in eine regenerierende Entspannung unterst\u00fctzen, um vom allt\u00e4glichen Stress und unliebsamen Verhaltensweisen oder unangemessenen Reaktionen, die einschr\u00e4nkend und einengend in Ihrem Leben sein k\u00f6nnen, Abstand zu gewinnen und diese loszulassen.<\/p>\n\n\n\n<p>Damit Sie wieder in Ihre Ruhe finden und auftanken k\u00f6nnen, biete ich Ihnen mit verschiedenen Techniken aus der medizinischen Heilhypnose und NLP l\u00f6sungungsorientiertes Arbeiten an.<\/p>\n\n\n\n<p>Ich m\u00f6chte Ihnen zur Seite stehen, um k\u00f6rperliche wie auch seelische Probleme und Blockaden zu reduzieren oder aufzul\u00f6sen.<\/p>\n\n\n\n<p>Tauchen Sie ein, in die Quelle der inneren Ruhe, und sch\u00f6pfen Sie wieder Kraft und Energie, um Ihre Ressourcen wieder zu finden oder sie zu verst\u00e4rken.<\/p>\n\n\n\n<h2 class=\"wp-block-heading\">Meine Therapieangebote<\/h2>\n\n\n\n<p>Ich biete Ihnen Beratung, Begleitung und Therapie in den verschiedenen Bereichen an.&nbsp;Im besonderen folgende Therapieangebote:<\/p>\n\n\n\n<ul class=\"wp-block-list\">\n<li>Medizinische Heilhypnose<\/li>\n\n\n\n<li>L\u00f6sungsorientierte Kurzzeittherapie<\/li>\n\n\n\n<li>NLP (Neuro-Linguistische Programmieren)<\/li>\n\n\n\n<li>Entspannungstraining, wie Autogenes Training, Progressive Muskelrelaxation und gef\u00fchrte Meditation<\/li>\n<\/ul>\n\n\n\n<h2 class=\"wp-block-heading\">Anwendungsbereiche<\/h2>\n\n\n\n<p>Beispiele:<\/p>\n\n\n\n<ul class=\"wp-block-list\">\n<li>Psychosomatische Beschwerden<\/li>\n\n\n\n<li>\u00c4ngste (Panikattacken, Lampenfieber, Platzangst, Pr\u00fcfungsangst, Schulangst etc.)<\/li>\n\n\n\n<li>Einengende Verhaltensmuster<\/li>\n\n\n\n<li>Empfindungsst\u00f6rungen<\/li>\n\n\n\n<li>Allergien<\/li>\n\n\n\n<li>Stressabbau<\/li>\n\n\n\n<li>Gewichtsreduktion<\/li>\n\n\n\n<li>Geburtsvorbereitung<\/li>\n<\/ul>\n\n\n\n<h2 class=\"wp-block-heading\">Lage und R\u00e4umlichkeiten<\/h2>\n\n\n\n<p>Die Praxis befindet sich im wundersch\u00f6nen Kasseler Stadtteil Bad Wilhelmsh\u00f6he, unweit von dem Bergpark Wilhelmsh\u00f6he, welcher seit 2013 zum UNESCO-Weltkulturerbe geh\u00f6rt.\u00a0<strong><a href=\"https:\/\/rezeda.hera.wpspace.me\/index.php\/kontakt\/\" data-type=\"page\" data-id=\"32\">Details zur Lage und zur Anfahrt.<\/a><\/strong><\/p>\n\n\n\n<p>Die Sitzungen finden in entspannter Atmosph\u00e4re in meinen R\u00e4umen statt. W\u00e4hrend einer Therapiesitzung ist das Telefon nicht besetzt, um einen ungest\u00f6rten Ablauf zu gew\u00e4hrleisten und Sie somit meine volle Aufmerksamkeit in Anspruch nehmen k\u00f6nnen.<\/p>\n","protected":false},"excerpt":{"rendered":"<p>Die medizinische Heilhypnose und das l\u00f6sungsorientierte Arbeiten mit NLP hat mir und vielen Menschen schon sehr geholfen besser mit Krisen, die fast jeden Menschen treffen k\u00f6nnen, mit psychosomatischen Problemen, mit \u00c4ngsten und mit unliebsamen Verhaltensmustern umzugehen, zu reduzieren oder zu l\u00f6sen, schlafende oder verborgene Ressourcen zu finden und zu aktivieren oder einfach in einer Tiefenentspannung &#8230; <a title=\"Meine Praxis &#8211; Ihr Ruhepol\" class=\"read-more\" href=\"https:\/\/rezeda.hera.wpspace.me\/index.php\/meine-praxis-ihr-ruhepol\/\" aria-label=\"Mehr dazu unter Meine Praxis &#8211; Ihr Ruhepol\">Weiterlesen<\/a><\/p>\n","protected":false},"author":1,"featured_media":0,"parent":0,"menu_order":0,"comment_status":"closed","ping_status":"closed","template":"","meta":{"footnotes":""},"class_list":["post-25","page","type-page","status-publish"],"_links":{"self":[{"href":"https:\/\/rezeda.hera.wpspace.me\/index.php\/wp-json\/wp\/v2\/pages\/25","targetHints":{"allow":["GET"]}}],"collection":[{"href":"https:\/\/rezeda.hera.wpspace.me\/index.php\/wp-json\/wp\/v2\/pages"}],"about":[{"href":"https:\/\/rezeda.hera.wpspace.me\/index.php\/wp-json\/wp\/v2\/types\/page"}],"author":[{"embeddable":true,"href":"https:\/\/rezeda.hera.wpspace.me\/index.php\/wp-json\/wp\/v2\/users\/1"}],"replies":[{"embeddable":true,"href":"https:\/\/rezeda.hera.wpspace.me\/index.php\/wp-json\/wp\/v2\/comments?post=25"}],"version-history":[{"count":4,"href":"https:\/\/rezeda.hera.wpspace.me\/index.php\/wp-json\/wp\/v2\/pages\/25\/revisions"}],"predecessor-version":[{"id":392,"href":"https:\/\/rezeda.hera.wpspace.me\/index.php\/wp-json\/wp\/v2\/pages\/25\/revisions\/392"}],"wp:attachment":[{"href":"https:\/\/rezeda.hera.wpspace.me\/index.php\/wp-json\/wp\/v2\/media?parent=25"}],"curies":[{"name":"wp","href":"https:\/\/api.w.org\/{rel}","templated":true}]}}